{"id":18339,"date":"2025-10-22T12:17:41","date_gmt":"2025-10-22T17:17:41","guid":{"rendered":"https:\/\/onesec.mx\/?page_id=18339"},"modified":"2025-10-22T12:17:41","modified_gmt":"2025-10-22T17:17:41","slug":"politica-de-seguridad","status":"publish","type":"page","link":"https:\/\/onesec.mx\/en\/politica-de-seguridad\/","title":{"rendered":"Security Policy"},"content":{"rendered":"<p><em>En ONESEC, estamos plenamente comprometidos con la protecci\u00f3n de la informaci\u00f3n en nuestros servicios y sistemas. A trav\u00e9s de la integraci\u00f3n efectiva de procesos, tecnolog\u00edas y personal calificado, gestionamos y salvaguardamos la confidencialidad, integridad y disponibilidad de la informaci\u00f3n que manejamos. Nuestro Sistema de Gesti\u00f3n de Seguridad de la Informaci\u00f3n (SGSI) se fundamenta en el cumplimiento del marco legal aplicable y en los requisitos establecidos por la Norma Internacional ISO\/IEC 27001:2022, promoviendo una cultura de mejora continua para garantizar la eficacia y resiliencia de nuestros controles de seguridad<\/em>.<\/p>","protected":false},"excerpt":{"rendered":"<p>En ONESEC, estamos plenamente comprometidos con la protecci\u00f3n de la informaci\u00f3n en nuestros servicios y sistemas. A trav\u00e9s de la integraci\u00f3n efectiva de procesos, tecnolog\u00edas y personal calificado, gestionamos y salvaguardamos la confidencialidad, integridad y disponibilidad de la informaci\u00f3n que manejamos. Nuestro Sistema de Gesti\u00f3n de Seguridad de la Informaci\u00f3n (SGSI) se fundamenta en el [&hellip;]<\/p>\n","protected":false},"author":2,"featured_media":0,"parent":0,"menu_order":0,"comment_status":"closed","ping_status":"closed","template":"elementor_header_footer","meta":{"content-type":"","footnotes":""},"class_list":["post-18339","page","type-page","status-publish","hentry"],"_links":{"self":[{"href":"https:\/\/onesec.mx\/en\/wp-json\/wp\/v2\/pages\/18339","targetHints":{"allow":["GET"]}}],"collection":[{"href":"https:\/\/onesec.mx\/en\/wp-json\/wp\/v2\/pages"}],"about":[{"href":"https:\/\/onesec.mx\/en\/wp-json\/wp\/v2\/types\/page"}],"author":[{"embeddable":true,"href":"https:\/\/onesec.mx\/en\/wp-json\/wp\/v2\/users\/2"}],"replies":[{"embeddable":true,"href":"https:\/\/onesec.mx\/en\/wp-json\/wp\/v2\/comments?post=18339"}],"version-history":[{"count":1,"href":"https:\/\/onesec.mx\/en\/wp-json\/wp\/v2\/pages\/18339\/revisions"}],"predecessor-version":[{"id":18340,"href":"https:\/\/onesec.mx\/en\/wp-json\/wp\/v2\/pages\/18339\/revisions\/18340"}],"wp:attachment":[{"href":"https:\/\/onesec.mx\/en\/wp-json\/wp\/v2\/media?parent=18339"}],"curies":[{"name":"wp","href":"https:\/\/api.w.org\/{rel}","templated":true}]}}