{"id":18326,"date":"2025-10-22T10:30:37","date_gmt":"2025-10-22T15:30:37","guid":{"rendered":"https:\/\/onesec.mx\/?page_id=18326"},"modified":"2025-10-22T12:03:49","modified_gmt":"2025-10-22T17:03:49","slug":"aviso-de-privacidad","status":"publish","type":"page","link":"https:\/\/onesec.mx\/en\/aviso-de-privacidad\/","title":{"rendered":"Aviso de Privacidad"},"content":{"rendered":"\n<p>SECURE NEXTGEN SYSTEMS, S.A. DE C.V.<br>SECURE LABS, S.A. DE C.V.<br>NEXGENICS S.C.<\/p>\n\n\n\n<p>(En lo sucesivo \u201cONESEC\u201d)<\/p>\n\n\n\n<p>Responsable del tratamiento de sus Datos Personales.<\/p>\n\n\n\n<p>\u201cONESEC\u201d, con domicilio en San Jacinto n\u00famero 8, Interior \u201cA\u201d, Colonia San \u00c1ngel, C.P. 01000, Alcald\u00eda \u00c1lvaro Obreg\u00f3n, Ciudad de M\u00e9xico y con tel\u00e9fono de contacto: +52 (55) 8525 4111, correo electr\u00f3nico:&nbsp;<a href=\"mailto:datospersonales@onesec.mx\" target=\"_blank\" rel=\"noreferrer noopener\">datospersonales@onesec.mx<\/a>, p\u00e1gina web en Internet:<br><a href=\"https:\/\/onesec.mx\/avisodeprivacidad\/\">https:\/\/www.onesec.mx\/aviso-de-privacidad<\/a>&nbsp;es la sociedad responsable del tratamiento de sus datos personales a trav\u00e9s de su Departamento de Protecci\u00f3n de Datos Personales.<\/p>\n\n\n\n<p>Para \u201cONESEC\u201d, tratar sus datos personales de manera leg\u00edtima resulta un tema prioritario. Este Aviso de Privacidad Integral complementa cualesquiera otros Avisos de Privacidad Simplificados que nuestra organizaci\u00f3n haya puesto a su disposici\u00f3n y resulta supletorio en todo aquello que expresamente no refieran tales Avisos.<\/p>\n\n\n\n<p><strong>Finalidades del tratamiento de los Datos Personales<\/strong><\/p>\n\n\n\n<p>El Departamento de Protecci\u00f3n de Datos Personales de <strong>ONESEC<\/strong> recaba sus datos para las siguientes finalidades:<\/p>\n\n\n\n<ul class=\"wp-block-list\">\n<li>Para consulta y verificaci\u00f3n de los datos personales proporcionados voluntariamente por las personas que visitan nuestra p\u00e1gina web;<\/li>\n\n\n\n<li>Para establecer contacto con las personas que soliciten informaci\u00f3n sobre cualquiera de nuestros servicios;<\/li>\n\n\n\n<li>Para dar seguimiento y atenci\u00f3n a consultas sobre los servicios que ofrecemos a nuestros clientes;<\/li>\n\n\n\n<li>Para recabar datos estad\u00edsticos sobre la calidad de nuestros servicios y nivel de satisfacci\u00f3n de nuestros clientes;<\/li>\n\n\n\n<li>Para la elaboraci\u00f3n y difusi\u00f3n de campa\u00f1as de publicidad con fines comerciales de nuestros servicios;<\/li>\n\n\n\n<li>Para informar al p\u00fablico de nuevos servicios o modificaci\u00f3n de los mismos;<\/li>\n\n\n\n<li>Para actualizar nuestra base de datos de clientes y proveedores;<\/li>\n\n\n\n<li>Cualquier otra finalidad an\u00e1loga o compatible con las anteriores.<\/li>\n<\/ul>\n\n\n\n<p><strong>Transferencia de Datos Personales a Terceros<\/strong><\/p>\n\n\n\n<p>En cumplimiento con lo dispuesto por los art\u00edculos&nbsp;<strong>36 y 37 de la Ley Federal de Protecci\u00f3n de Datos Personales en Posesi\u00f3n de los Particulares<\/strong>, se informa que sus datos personales podr\u00e1n ser compartidos, en su caso, con personas f\u00edsicas o morales externas a esta empresa \u00fanicamente para los fines que se describen a continuaci\u00f3n y siempre garantizando un nivel adecuado de protecci\u00f3n y confidencialidad:<\/p>\n\n\n\n<ol start=\"1\" class=\"wp-block-list\">\n<li><strong>Proveedores de servicios externos<\/strong>\u00a0que nos asisten en el cumplimiento de las finalidades primarias y secundarias se\u00f1aladas en este Aviso, tales como proveedores de servicios diversos, tecnol\u00f3gicos, contables, legales, fiscales, administrativos, de mensajer\u00eda y log\u00edstica.<\/li>\n\n\n\n<li><strong>Autoridades competentes<\/strong>, cuando resulte legalmente requerido a fin de cumplir con obligaciones previstas en la legislaci\u00f3n mexicana vigente, mandamientos judiciales o administrativos.<\/li>\n\n\n\n<li><strong>Entidades financieras y aseguradoras<\/strong>, cuando sea necesario para la gesti\u00f3n de pagos, cobros, validaci\u00f3n de informaci\u00f3n crediticia o la contrataci\u00f3n de seguros relacionados con los servicios.<\/li>\n\n\n\n<li><strong>Aliados comerciales y socios estrat\u00e9gicos<\/strong>, exclusivamente en la medida en que sea necesario para el cumplimiento de los fines establecidos y siempre sujeto a la autorizaci\u00f3n expresa del titular de los datos.<\/li>\n<\/ol>\n\n\n\n<p>En todo caso, dichas transferencias se realizar\u00e1n conforme a lo previsto en la Ley y sus Lineamientos, y el tercero receptor asumir\u00e1 las mismas obligaciones de resguardo, protecci\u00f3n y confidencialidad establecidas en este Aviso de Privacidad.<\/p>\n\n\n\n<p>El titular de los datos podr\u00e1 manifestar su negativa para dichas transferencias que no resulten necesarias para la prestaci\u00f3n del servicio o para el cumplimiento de obligaciones legales, de conformidad con el procedimiento descrito en la secci\u00f3n de&nbsp;<strong>Derechos ARCO<\/strong>&nbsp;de este Aviso.<\/p>\n\n\n\n<p>Para las finalidades antes mencionadas, recabamos sus datos personales cuando usted nos los proporciona voluntariamente a trav\u00e9s de nuestra p\u00e1gina web en Internet o cuando nos los proporciona personal y directamente. Solo en algunas ocasiones, obtenemos sus datos personales de manera indirecta, a trav\u00e9s de otras fuentes que se encuentran permitidas por la ley como son: por tel\u00e9fono o a trav\u00e9s de correo<br>electr\u00f3nico. Los Datos Personales que obtenemos de usted son los siguientes: i) Nombre; ii) Domicilio (calle, n\u00famero exterior, n\u00famero interior, colonia, delegaci\u00f3n o municipio, ciudad, entidad federativa y c\u00f3digo postal; iii) Registro Federal de Contribuyente; iv) Tel\u00e9fono de casa u oficina; v) En caso de contar con ese medio y dese\u00e9 ser as\u00ed contactado n\u00famero de tel\u00e9fono celular; y vi) correo electr\u00f3nico personal o<br>correo de empresa para fines de contacto.<\/p>\n\n\n\n<p>Los datos personales recabados, ser\u00e1n aquellos que usted nos proporcione libre y voluntariamente cuando utilice nuestro servicio en l\u00ednea o al visitar nuestro portal de Internet en donde usted como usuario o cliente, otorga su consentimiento a \u201cONESEC\u201d para recopilar y utilizar sus datos para los fines antes se\u00f1alados.<\/p>\n\n\n\n<p><strong>Datos Personales Sensibles que recabamos<\/strong><\/p>\n\n\n\n<p>En ning\u00fan caso recabaremos de usted datos personales sensibles a trav\u00e9s de nuestro portal de Internet.<\/p>\n\n\n\n<p>Recolecci\u00f3n de Datos al Navegar en Sitios y P\u00e1ginas Web de \u201cONESEC\u201d.<\/p>\n\n\n\n<p>Dentro de las herramientas de captura autom\u00e1tica de datos utilizadas por \u201cONESEC\u201d en sus sitios y p\u00e1ginas web se encuentran las cookies, los Web beacons, y los enlaces en los correos electr\u00f3nicos. Uso de Cookies.- El correcto funcionamiento de los sitios de \u201cONESEC\u201d requieren de la habilitaci\u00f3n de \u201ccookies\u201d en su navegador de Internet. Las \u201ccookies\u201d son peque\u00f1os archivos de datos transferidos por el sitio Web al disco duro de su computadora cuando navega por el sitio. Las cookies pueden ser de sesi\u00f3n o permanentes. Las cookies de sesi\u00f3n no se quedan en su computadora despu\u00e9s de que usted cierra la sesi\u00f3n de su navegador, mientras que las cookies permanentes se quedan en las computadoras hasta que se eliminan o caducan. En la mayor\u00eda de los navegadores las cookies se aceptan autom\u00e1ticamente en virtud de su configuraci\u00f3n predeterminada, usted puede ajustar las preferencias de su navegador para aceptar o rechazar las cookies. La desactivaci\u00f3n de las cookies puede inhabilitar diversas funciones de los sitios web de \u201cONESEC\u201d o provocar que no se muestren correctamente. En caso de que usted prefiera eliminar la informaci\u00f3n de las cookies enviadas por \u201cONESEC\u201d, usted puede eliminar el archivo(s) al final de cada sesi\u00f3n del explorador. Informaci\u00f3n relevante puede ser consultada en los sitios de los principales navegadores de Internet. Uso de Web beacons (tambi\u00e9n conocidos como etiquetas de Internet, etiquetas de p\u00edxel y clear GIFs). \u201cONESEC\u201d pueden utilizar en sus sitios web y en sus correos electr\u00f3nicos con formato HTML los Web beacons, solos o en combinaci\u00f3n con las cookies, para recopilar informaci\u00f3n sobre el uso de los sitios web y su interacci\u00f3n con el correo electr\u00f3nico. El Web beacon es una imagen electr\u00f3nica, llamada de un solo p\u00edxel (1\u00d71) o GIF que puede reconocer informaci\u00f3n que es procesada en su computadora, como el caso de las cookies, la hora y fecha en que el sitio y sus secciones son visualizados. V\u00ednculos en los correos electr\u00f3nicos de \u201cONESEC\u201d. Los correos electr\u00f3nicos que incluyen v\u00ednculos que permiten a \u201cONESEC\u201d saber si usted activ\u00f3 dicho v\u00ednculo y visit\u00f3 la p\u00e1gina web de destino, pudiendo esta informaci\u00f3n ser incluida en su perfil. En caso de que usted prefiera que \u201cONESEC\u201d no recolecte informaci\u00f3n sobre su interacci\u00f3n con dichos v\u00ednculos, usted puede optar por modificar el formato de las comunicaciones de \u201cONESEC\u201d (por ejemplo, que el mensaje sea recibido en formato de texto y no en formato HTML) o puede hacer caso omiso del v\u00ednculo y no acceder a su contenido. Los correos electr\u00f3nicos de \u201cONESEC\u201d pueden incluir v\u00ednculos dise\u00f1ados para dirigirlo a las secciones relevantes de los sitios Web, al re-direccionarlo a trav\u00e9s de los servidores de \u201cONESEC\u201d. El sistema de re-direccionamiento permite a \u201cONESEC\u201d modificar el URL de tales v\u00ednculos en caso de ser necesario, tambi\u00e9n permiten a \u201cONESEC\u201d el determinar la eficacia de sus campa\u00f1as de marketing en l\u00ednea. Los Datos Personales que \u201cONESEC\u201d obtiene de sus fuentes comerciales pueden utilizarse junto con los Datos Personales que recolecta a trav\u00e9s de sus sitios web. Por ejemplo, \u201cONESEC\u201d podr\u00eda comparar la informaci\u00f3n geogr\u00e1fica disociada adquirida de fuentes comerciales con la direcci\u00f3n IP recopilada por las herramientas de captura autom\u00e1tica de datos con el fin de proporcionarle informaci\u00f3n o promociones relevantes para su \u00e1rea geogr\u00e1fica.<\/p>\n\n\n\n<p><strong>Protecci\u00f3n a menores:<\/strong><\/p>\n\n\n\n<p>En caso de que \u201cONESEC\u201d considere que los Datos Personales han sido proporcionados por un menor en contravenci\u00f3n al presente Aviso de Privacidad Integral, \u201cONESEC\u201d proceder\u00e1 a eliminar tales Datos Personales a la brevedad. Si usted se da cuenta que tales Datos Personales han sido proporcionados por un menor de 18 (dieciocho) a\u00f1os, por favor env\u00ede sin tardanza un correo electr\u00f3nico a la direcci\u00f3n:<br><a href=\"mailto:datospersonales@onesec.mx\" target=\"_blank\" rel=\"noreferrer noopener\">datospersonales@onesec.mx<\/a>&nbsp;Si es usted menor de 18 (dieciocho) a\u00f1os deber\u00e1 abstenerse de proporcionar sus datos personales a \u201cONESEC\u201d.&nbsp;<\/p>\n\n\n\n<p><strong>Opciones y medios para limitar el uso o divulgaci\u00f3n de datos personales.<\/strong><\/p>\n\n\n\n<p>Usted puede dejar de recibir mensajes por correo electr\u00f3nico, impresos, por tel\u00e9fono fijo o celular comunic\u00e1ndose con nuestro Departamento de Protecci\u00f3n de Datos Personales al tel\u00e9fono Lada (81) 8881-9800 o mediante el env\u00edo de un correo electr\u00f3nico a la direcci\u00f3n&nbsp;<a href=\"mailto:datospersonales@onesec.mx\">datospersonales@onesec.mx<\/a><\/p>\n\n\n\n<p><strong>Medios para ejercer los derechos de acceso, rectificaci\u00f3n, cancelaci\u00f3n u oposici\u00f3n,&nbsp; (\u201cDerechos ARCO\u201d).<\/strong><\/p>\n\n\n\n<p>Usted tiene el derecho de acceder a sus datos personales que poseemos y a los detalles del tratamiento de los mismos, as\u00ed como a rectificarlos en caso de ser inexactos o incompletos; cancelarlos cuando resulten ser excesivos o innecesarios para las finalidades que justificaron su obtenci\u00f3n u oponerse al tratamiento de los mismos para fines espec\u00edficos.<\/p>\n\n\n\n<p>Los mecanismos que se han implementado para el ejercicio de dichos derechos son a trav\u00e9s de la presentaci\u00f3n de la solicitud (\u201cSolicitud de Ejercicio de Derechos ARCO\u201d) a nuestro Departamento de Protecci\u00f3n de Datos Personales, ya sea personalmente en los domicilios de \u201dONESEC\u201d mismo se\u00f1alado previamente. Usted puede obtener el formato de solicitud, v\u00eda telef\u00f3nica para que le sea enviado o solicit\u00e1ndolo mediante el env\u00edo de correo electr\u00f3nico a la direcci\u00f3n:&nbsp;<a href=\"mailto:datospersonales@onesec.mx\">datospersonales@onesec.mx<\/a>&nbsp;a la cuenta que usted nos proporcione.<\/p>\n\n\n\n<p>Para el ejercicio de sus derechos, usted debe presentar una solicitud (\u201cSolicitud de Ejercicio de Derechos ARCO\u201d) al Departamento de Protecci\u00f3n de Datos Personales, acompa\u00f1ando la siguiente informaci\u00f3n:<\/p>\n\n\n\n<p>Nombre y domicilio completo; Identificaci\u00f3n con la que acredite su personalidad (Credencial para votar emitida por el Instituto Nacional Electoral [\u201cINE\u201d], Pasaporte vigente, C\u00e9dula Profesional, o en caso de ser de nacionalidad extranjera, su documento migratorio vigente);<\/p>\n\n\n\n<p>En caso de no ser el titular quien presente la solicitud, el documento que acredite la existencia de la representaci\u00f3n, es decir instrumento p\u00fablico o carta poder firmada ante dos testigos, junto con la identificaci\u00f3n del titular y del representante legal (Credencial del INE, Pasaporte vigente, C\u00e9dula Profesional, o en caso de ser de nacionalidad extranjera, su documento migratorio vigente) Descripci\u00f3n clara y precisa de los datos personales respecto de los cuales busca ejercer alguno de los Derechos ARCO, cu\u00e1l es el derecho a ejercer y las razones por las cuales desea ejercitarlo;<\/p>\n\n\n\n<p><br>Cualquier documento o informaci\u00f3n que acredite que sus datos personales se encuentran en posesi\u00f3n de \u201cONESEC\u201d.<br><br><\/p>\n\n\n\n<p>En caso de solicitar una rectificaci\u00f3n de datos, se indicar\u00e1n tambi\u00e9n las modificaciones a realizarse y se aportar\u00e1 la documentaci\u00f3n que sustente su petici\u00f3n (acta de nacimiento, comprobante de domicilio, o aqu\u00e9l en el que conste y se motive el cambio que se va a realizar en sus datos personales).<\/p>\n\n\n\n<p>El Departamento de Protecci\u00f3n de Datos Personales responder\u00e1 su solicitud mediante correo electr\u00f3nico o personalmente en los domicilios antes indicados, en un t\u00e9rmino de 20 (veinte) d\u00edas h\u00e1biles contados a partir de que se le env\u00ede acuse de recibo de la misma.<\/p>\n\n\n\n<p>En caso de que la solicitud sea procedente, la respuesta podr\u00e1 enviarse v\u00eda correo electr\u00f3nico o de forma personal. \u201cONESEC\u201d podr\u00e1 solicitarle para poder darle una respuesta, presente para cotejo en los domicilios antes descritos, original de los documentos que envi\u00f3 junto con su solicitud, dentro de los 5 (cinco) d\u00edas h\u00e1biles siguientes a que le sean requeridos. Si pasado dicho t\u00e9rmino usted no ha presentado<br>los documentos, su solicitud se archivar\u00e1 y el Aviso de Privacidad continuar\u00e1 vigente hasta en tanto no se presente una nueva solicitud.<\/p>\n\n\n\n<p>Cuando la solicitud sea procedente y se hayan llevado a cabo los cotejos correspondientes con respecto a la personalidad y titularidad de los Derechos ARCO, los t\u00e9rminos para llevar a cabo la solicitud ser\u00e1n los siguientes:<\/p>\n\n\n\n<p><br>Para el acceso de los datos: dentro de un plazo de 15 (quince) d\u00edas contados a partir de la respuesta afirmativa hecha por el Departamento de Protecci\u00f3n de Datos Personales.<\/p>\n\n\n\n<p>Para la rectificaci\u00f3n de los datos: dentro de un plazo de 15 (quince) d\u00edas contados a partir de la respuesta afirmativa hecha por el Departamento de Protecci\u00f3n de Datos Personales.<\/p>\n\n\n\n<p>Para la cancelaci\u00f3n u oposici\u00f3n de los datos: se har\u00e1 primero un bloqueo de los mismos, desde el momento en que se hizo el cotejo de la documentaci\u00f3n requerida, en donde el acceso a los datos personales estar\u00e1 restringido a toda persona hasta que haya una respuesta a la solicitud ya sea afirmativa o negativa, en el primer caso dentro de un plazo de 15 (quince) d\u00edas contados a partir de la respuesta afirmativa hecha por el Departamento de Protecci\u00f3n de Datos Personales, y en el segundo caso se har\u00e1 el desbloqueo de los mismos para continuar con el tratamiento.<\/p>\n\n\n\n<p>Los plazos referidos anteriormente se podr\u00e1n prorrogar una sola vez por un periodo igual en caso de ser necesario y previa notificaci\u00f3n hecha por el Departamento de Protecci\u00f3n de Datos Personales.&nbsp;<\/p>\n\n\n\n<p>\u201cONESEC\u201d podr\u00e1 negar el ejercicio de los Derechos ARCO, en los siguientes supuestos:<\/p>\n\n\n\n<p>Cuando usted no sea el titular de los datos personales, o no haya acreditado la representaci\u00f3n del titular; Cuando sus datos personales no obren en la base de datos de \u201cONESEC\u201d; Cuando se lesionen los derechos de un tercero; Cuando exista un impedimento legal o la resoluci\u00f3n de una autoridad competente que restrinja sus Derechos ARCO; En caso de cancelaci\u00f3n, cuando los datos personales sean objeto de tratamiento para la prevenci\u00f3n o para el diagn\u00f3stico m\u00e9dico o la gesti\u00f3n de servicios de salud, o; Cuando la rectificaci\u00f3n, cancelaci\u00f3n u oposici\u00f3n haya sido previamente realizada.<\/p>\n\n\n\n<p>La Negativa podr\u00e1 ser parcial, en cuyo caso \u201cONESEC\u201d efectuar\u00e1 el acceso, rectificaci\u00f3n, cancelaci\u00f3n u oposici\u00f3n en la parte procedente.<\/p>\n\n\n\n<p>El ejercicio de los \u201cDerechos ARCO\u201d ser\u00e1 gratuito, pero si Usted reitera su solicitud en un periodo menor a 12 (doce) meses, los costos ser\u00e1n de 3 (tres) veces la Unidades de Medida y Actualizaci\u00f3n (UMA) vigente, m\u00e1s el Impuesto al Valor Agregado (IVA), a menos que existan modificaciones sustanciales al Aviso de Privacidad que motiven nuevas Solicitudes de Ejercicio de Derechos ARCO. Usted deber\u00e1 de cubrir los gastos justificados de env\u00edo o el costo de reproducci\u00f3n en copias u otros formatos.<\/p>\n\n\n\n<p>Para mayor informaci\u00f3n, favor de contactar al Departamento de Protecci\u00f3n de Datos Personales en los domicilios se\u00f1alados con anterioridad.<\/p>\n\n\n\n<p>Mecanismos y procedimientos para que el titular, en su caso, revoque su consentimiento en cualquier momento.<\/p>\n\n\n\n<p>En cualquier momento del tratamiento usted podr\u00e1 revocar el consentimiento que ha otorgado para el tratamiento de sus datos, para ello es necesario que contacte al Departamento de Protecci\u00f3n de Datos Personales, donde le ser\u00e1 indicado el procedimiento que debe seguir para realizar la revocaci\u00f3n de su consentimiento.<\/p>\n\n\n\n<p>Sus datos se encuentran protegidos en virtud de que nuestras filiales y subsidiarias, operar\u00e1n bajo la misma Pol\u00edtica de Protecci\u00f3n de Datos Personales, en el caso de nuestros socios comerciales y\/o prestadores de servicio, \u00e9stos operar\u00e1n bajo sus propias pol\u00edticas. En todo caso su informaci\u00f3n ser\u00e1 compartida solamente para las finalidades citadas en este Aviso de Privacidad.<\/p>\n\n\n\n<p>Nos comprometemos a no transferir su informaci\u00f3n personal a terceros sin su consentimiento, salvo las excepciones previstas en el art\u00edculo 37 de la Ley Federal de Protecci\u00f3n de Datos Personales en Posesi\u00f3n de los Particulares, as\u00ed como a realizar esta transferencia en los t\u00e9rminos que fija esa ley.<\/p>\n\n\n\n<p><strong>Medidas de seguridad implementadas<\/strong><\/p>\n\n\n\n<p>Para la protecci\u00f3n de sus datos personales hemos instrumentado medidas de seguridad de car\u00e1cter administrativo, f\u00edsico y t\u00e9cnico con el objeto de evitar p\u00e9rdidas, mal uso o alteraci\u00f3n de su informaci\u00f3n.<br>Cuando comunicamos o compartimos su informaci\u00f3n con terceros que nos prestan alg\u00fan servicio, requerimos y verificamos que cuenten con las medidas de seguridad necesarias para proteger sus datos personales, prohibiendo el uso de su informaci\u00f3n personal para fines distintos a los encargados; lo anterior en el entendido que no obstante lo anterior, cualquier incumplimiento por dichos terceros a lo previsto en la Ley Federal de Protecci\u00f3n de Datos Personales en Posesi\u00f3n de los Particulares y su Reglamento es exclusiva responsabilidad de dichos terceros.<\/p>\n\n\n\n<p>Uso de im\u00e1genes y sonido recabados por medio de nuestros sistemas internos de video\u2013 vigilancia.<\/p>\n\n\n\n<p>Para seguridad y protecci\u00f3n de nuestras instalaciones administrativas y sucursales operativas, as\u00ed como de las personas que laboran al interior de las mismas y de las personas que nos visitan de tiempo en tiempo y cuestiones an\u00e1logas o compatibles con esos fines, podremos captar im\u00e1genes y en algunos casos sonidos considerados datos personales, a trav\u00e9s de nuestros sistemas y circuitos internos de monitoreo y videograbaci\u00f3n, los cuales ser\u00e1n tratados y protegidos por \u201dONESEC\u201d en los t\u00e9rminos previstos en el presente Aviso de Privacidad Integral.<\/p>\n\n\n\n<p>A fin de cumplir con el principio de informaci\u00f3n \u201dONESEC\u201d coloca Avisos Simplificados visibles para las personas dentro de los espacios sujetos a videograbaci\u00f3n, al menos, en la(s) entrada(s) a zonas que se encuentren bajo video-vigilancia, independientemente de si son interiores o exteriores<\/p>\n\n\n\n<p><strong>Modificaciones al Aviso de Privacidad<\/strong><\/p>\n\n\n\n<p>Nos reservamos el derecho de efectuar en cualquier momento modificaciones o actualizaciones al presente Aviso de Privacidad Integral.<\/p>\n\n\n\n<p>Estas modificaciones estar\u00e1n disponibles al p\u00fablico a trav\u00e9s de los siguientes medios: (i) Anuncios visibles en las oficinas y establecimientos de la empresa; (ii) en nuestra p\u00e1gina electr\u00f3nica o sitio web en Internet&nbsp;<a href=\"https:\/\/onesec.mx\/avisodeprivacidad\/\">https:\/\/www.onesec.mx\/aviso-de-privacidad.&nbsp;<\/a><\/p>\n\n\n\n<p><strong>Fundamento legal<\/strong><\/p>\n\n\n\n<p>El presente Aviso de Privacidad se emite conforme a lo previsto en la&nbsp;<strong>Ley Federal de Protecci\u00f3n de Datos Personales en Posesi\u00f3n de los Particulares (LFPDPPP)<\/strong>, publicada en el Diario Oficial de la Federaci\u00f3n y actualizada en marzo de 2025, as\u00ed como a las disposiciones reglamentarias y normativas aplicables.<\/p>\n\n\n\n<p><strong>Autoridad competente<\/strong><\/p>\n\n\n\n<p>Cualquier queja o informaci\u00f3n adicional respecto al tratamiento de sus datos personales o dudas en relaci\u00f3n con la LFPDPPP o su Reglamento, podr\u00e1 dirigirla ante la&nbsp;<strong>Secretar\u00eda Anticorrupci\u00f3n y Buen Gobierno (SABG)<\/strong>, a trav\u00e9s de su&nbsp;<strong>Unidad de Protecci\u00f3n de Datos Personales<\/strong>, que es la autoridad encargada de la supervisi\u00f3n, protecci\u00f3n y defensa de los derechos de los titulares de datos personales.<\/p>\n\n\n\n<p>En materia de acceso a la informaci\u00f3n p\u00fablica, las atribuciones corresponden al \u00f3rgano desconcentrado denominado&nbsp;<strong>\u201cTransparencia para el Pueblo\u201d<\/strong>, adscrito a la SABG.<\/p>\n\n\n\n<p>Para mayor informaci\u00f3n puede consultar:&nbsp;www.sabg.gob.mx<\/p>\n","protected":false},"excerpt":{"rendered":"<p>SECURE NEXTGEN SYSTEMS, S.A. DE C.V.SECURE LABS, S.A. DE C.V.NEXGENICS S.C. (En lo sucesivo \u201cONESEC\u201d) Responsable del tratamiento de sus Datos Personales. \u201cONESEC\u201d, con domicilio en San Jacinto n\u00famero 8, Interior \u201cA\u201d, Colonia San \u00c1ngel, C.P. 01000, Alcald\u00eda \u00c1lvaro Obreg\u00f3n, Ciudad de M\u00e9xico y con tel\u00e9fono de contacto: +52 (55) 8525 4111, correo electr\u00f3nico:&nbsp;datospersonales@onesec.mx, p\u00e1gina [&hellip;]<\/p>\n","protected":false},"author":2,"featured_media":0,"parent":0,"menu_order":0,"comment_status":"closed","ping_status":"closed","template":"elementor_header_footer","meta":{"content-type":"","footnotes":""},"class_list":["post-18326","page","type-page","status-publish","hentry"],"_links":{"self":[{"href":"https:\/\/onesec.mx\/en\/wp-json\/wp\/v2\/pages\/18326","targetHints":{"allow":["GET"]}}],"collection":[{"href":"https:\/\/onesec.mx\/en\/wp-json\/wp\/v2\/pages"}],"about":[{"href":"https:\/\/onesec.mx\/en\/wp-json\/wp\/v2\/types\/page"}],"author":[{"embeddable":true,"href":"https:\/\/onesec.mx\/en\/wp-json\/wp\/v2\/users\/2"}],"replies":[{"embeddable":true,"href":"https:\/\/onesec.mx\/en\/wp-json\/wp\/v2\/comments?post=18326"}],"version-history":[{"count":2,"href":"https:\/\/onesec.mx\/en\/wp-json\/wp\/v2\/pages\/18326\/revisions"}],"predecessor-version":[{"id":18330,"href":"https:\/\/onesec.mx\/en\/wp-json\/wp\/v2\/pages\/18326\/revisions\/18330"}],"wp:attachment":[{"href":"https:\/\/onesec.mx\/en\/wp-json\/wp\/v2\/media?parent=18326"}],"curies":[{"name":"wp","href":"https:\/\/api.w.org\/{rel}","templated":true}]}}